{"id":272,"date":"2022-02-09T21:24:09","date_gmt":"2022-02-09T20:24:09","guid":{"rendered":"https:\/\/julie-kinesiologie.fr\/?page_id=272"},"modified":"2023-08-27T22:38:33","modified_gmt":"2023-08-27T20:38:33","slug":"qui-suis-je-2","status":"publish","type":"page","link":"https:\/\/julie-kinesiologie.fr\/?page_id=272","title":{"rendered":"Qui suis-je ?"},"content":{"rendered":"<p>[et_pb_section fb_built=&#8221;1&#8243; _builder_version=&#8221;4.9.4&#8243; _module_preset=&#8221;default&#8221; background_image=&#8221;https:\/\/julie-kinesiologie.fr\/wp-content\/uploads\/2021\/12\/Juju-Fond-3.jpg&#8221;][et_pb_row column_structure=&#8221;2_5,3_5&#8243; _builder_version=&#8221;4.9.4&#8243; _module_preset=&#8221;default&#8221;][et_pb_column type=&#8221;2_5&#8243; _builder_version=&#8221;4.9.4&#8243; _module_preset=&#8221;default&#8221;][et_pb_image src=&#8221;https:\/\/julie-kinesiologie.fr\/wp-content\/uploads\/2021\/12\/Cristele-Domanec-36.jpg&#8221; title_text=&#8221;Crist\u00e8le Domanec -36&#8243; _builder_version=&#8221;4.9.4&#8243; _module_preset=&#8221;default&#8221;][\/et_pb_image][\/et_pb_column][et_pb_column type=&#8221;3_5&#8243; _builder_version=&#8221;4.9.4&#8243; _module_preset=&#8221;default&#8221;][et_pb_text _builder_version=&#8221;4.9.4&#8243; _module_preset=&#8221;default&#8221; custom_margin=&#8221;|||24px|false|false&#8221; inline_fonts=&#8221;Basic&#8221;]<\/p>\n<p>))))(<\/p>\n<p style=\"text-align: center;\">\n<p style=\"text-align: center;\"><span style=\"color: #ffffff; font-size: xx-large;\"><strong><\/strong><\/span><\/p>\n<p style=\"text-align: center;\"><span style=\"color: #ffffff; font-size: xx-large;\"><strong>QUI SUIS-JE ?<\/strong><\/span><span style=\"font-family: Basic; font-weight: normal; color: #ffffff; font-size: xx-large;\"><span style=\"font-size: large;\"><\/span><\/span><\/p>\n<p style=\"text-align: center;\"><span style=\"color: #ffffff; font-size: xx-large;\"><strong><\/strong><\/span><\/p>\n<p style=\"margin-bottom: 0cm;\"><span style=\"font-family: Basic; font-weight: normal; color: #ffffff;\">Julie Lemaitre, certifi\u00e9e en tant que kin\u00e9siologue par l&#8217;Institut Europ\u00e9en de Kin\u00e9siologie (IEK) et membre de la F\u00e9d\u00e9ration Fran\u00e7aise de Kin\u00e9siologie (FFK).<\/span><\/p>\n<p style=\"margin-bottom: 0cm;\"><span style=\"font-family: Basic; font-weight: normal; color: #ffffff;\">Lors de ma formation de Kin\u00e9siologie (600 heures), j&#8217;ai appris diff\u00e9rentes techniques fondamentales de la kin\u00e9siologie telles que :<\/span><\/p>\n<p style=\"margin-bottom: 0cm;\"><span style=\"font-family: Basic; font-weight: normal; color: #ffffff;\">&#8211; le Touch for Health\u00ae (la sant\u00e9 par le toucher) pour pr\u00e9venir les stress et retrouver son \u00e9quilibre. <\/span><\/p>\n<p style=\"margin-bottom: 0cm;\"><span style=\"font-family: Basic; font-weight: normal; color: #ffffff;\">&#8211; le Concept 3 en 1\u00ae qui permet de d\u00e9samorcer les blocages du pass\u00e9 se prolongeant dans les perceptions de la vie actuelle. <\/span><\/p>\n<p style=\"margin-bottom: 0cm;\"><span style=\"font-family: Basic; font-weight: normal; color: #ffffff;\">&#8211; le Brain gym\u00ae approche \u00e9ducative qui utilise les mouvements pour lever les difficult\u00e9s d&#8217;apprentissage et retrouver toutes ses potentialit\u00e9s. <\/span><\/p>\n<p style=\"margin-bottom: 0cm;\"><span style=\"font-family: Basic; font-weight: normal; color: #ffffff;\">&#8211; les Fleurs de Bach\u00ae ou autres essences florales qui vont aider \u00e0 favoriser certaines qualit\u00e9s qui nous font d\u00e9faut et soulager des troubles \u00e9motionnels.<\/span><\/p>\n<p style=\"margin-bottom: 0cm;\"><span style=\"font-family: Basic; font-weight: normal; color: #ffffff;\">&#8211; l&#8217;\u00e9nerg\u00e9tique chinoise qui, gr\u00e2ce \u00e0 la stimulation de points pr\u00e9cis sur nos m\u00e9ridiens, permet de r\u00e9tablir la circulation \u00e9nerg\u00e9tique de notre corps.<\/span><\/p>\n<p style=\"margin-bottom: 0cm;\"><span style=\"font-family: Basic; font-weight: normal; color: #ffffff;\">&#8211; Et enfin, l&#8217;analyse transactionnelle pour favoriser des rapports authentiques avec soi et avec les autres.<\/span><\/p>\n<p style=\"margin-bottom: 0cm;\"><span style=\"font-family: Basic; font-weight: normal; color: #ffffff;\">Je m&#8217;engage \u00e0 exercer dans le cadre de d\u00e9ontologie r\u00e9dig\u00e9 par La F\u00e9d\u00e9ration Fran\u00e7aise de Kin\u00e9siologie et dans le respect des valeurs professionnelles de la pratique de la kin\u00e9siologie.<\/span><\/p>\n<p style=\"margin-bottom: 0cm;\"><span style=\"font-family: Basic; font-weight: normal;\"><span style=\"color: #ffffff;\">Je travaille en compl\u00e9ment de la m\u00e9decine traditionnelle afin de vous aider \u00e0 mieux vivre et \u00e0 \u00eatre un acteur autonome et responsable de votre bien-\u00eatre retrouv\u00e9.<\/span><\/span><\/p>\n<p style=\"margin-bottom: 0cm;\"><span style=\"font-family: Basic; font-weight: normal;\"><span style=\"color: #ffffff;\"><\/span><\/span><\/p>\n<p style=\"margin-bottom: 0cm;\"><span style=\"font-family: Basic; font-weight: normal;\"><span style=\"color: #ffffff;\"><\/span><\/span><\/p>\n<p style=\"margin-bottom: 0cm;\"><span style=\"font-family: Basic; font-weight: normal;\"><span style=\"color: #ffffff;\"><\/span><\/span><\/p>\n<p style=\"margin-bottom: 0cm;\"><span style=\"font-family: Basic; font-weight: normal;\"><span style=\"color: #ffffff;\"><\/span><\/span><\/p>\n<p style=\"margin-bottom: 0cm;\"><span style=\"font-family: Basic; font-weight: normal;\"><span style=\"color: #ffffff;\"><\/span><\/span><\/p>\n<p style=\"margin-bottom: 0cm;\"><span style=\"font-family: Basic; font-weight: normal;\"><span style=\"color: #ffffff;\"><\/span><\/span><\/p>\n<p style=\"margin-bottom: 0cm;\"><span style=\"font-family: Basic; font-weight: normal;\"><span style=\"color: #ffffff;\"><\/span><\/span><\/p>\n<p>[\/et_pb_text][\/et_pb_column][\/et_pb_row][\/et_pb_section]<\/p>\n","protected":false},"excerpt":{"rendered":"<p>[et_pb_section fb_built=&#8221;1&#8243; _builder_version=&#8221;4.9.4&#8243; _module_preset=&#8221;default&#8221; background_image=&#8221;https:\/\/julie-kinesiologie.fr\/wp-content\/uploads\/2021\/12\/Juju-Fond-3.jpg&#8221;][et_pb_row column_structure=&#8221;2_5,3_5&#8243; _builder_version=&#8221;4.9.4&#8243; _module_preset=&#8221;default&#8221;][et_pb_column type=&#8221;2_5&#8243; _builder_version=&#8221;4.9.4&#8243; _module_preset=&#8221;default&#8221;][et_pb_image src=&#8221;https:\/\/julie-kinesiologie.fr\/wp-content\/uploads\/2021\/12\/Cristele-Domanec-36.jpg&#8221; title_text=&#8221;Crist\u00e8le Domanec -36&#8243; _builder_version=&#8221;4.9.4&#8243; _module_preset=&#8221;default&#8221;][\/et_pb_image][\/et_pb_column][et_pb_column type=&#8221;3_5&#8243; _builder_version=&#8221;4.9.4&#8243; _module_preset=&#8221;default&#8221;][et_pb_text _builder_version=&#8221;4.9.4&#8243; _module_preset=&#8221;default&#8221; custom_margin=&#8221;|||24px|false|false&#8221; inline_fonts=&#8221;Basic&#8221;] ))))( QUI SUIS-JE ? Julie Lemaitre, certifi\u00e9e en tant que kin\u00e9siologue par l&#8217;Institut Europ\u00e9en de Kin\u00e9siologie (IEK) et membre de la F\u00e9d\u00e9ration Fran\u00e7aise de Kin\u00e9siologie (FFK). Lors de ma formation de [&hellip;]<\/p>\n","protected":false},"author":1,"featured_media":0,"parent":0,"menu_order":0,"comment_status":"closed","ping_status":"closed","template":"","meta":{"_et_pb_use_builder":"on","_et_pb_old_content":"","_et_gb_content_width":""},"yoast_head":"<!-- This site is optimized with the Yoast SEO plugin v17.8 - https:\/\/yoast.com\/wordpress\/plugins\/seo\/ -->\n<title>Qui suis-je ? - Julie-Kin\u00e9siologie<\/title>\n<meta name=\"robots\" content=\"index, follow, max-snippet:-1, max-image-preview:large, max-video-preview:-1\" \/>\n<link rel=\"canonical\" href=\"https:\/\/julie-kinesiologie.fr\/?page_id=272\" \/>\n<meta property=\"og:locale\" content=\"en_US\" \/>\n<meta property=\"og:type\" content=\"article\" \/>\n<meta property=\"og:title\" content=\"Qui suis-je ? - Julie-Kin\u00e9siologie\" \/>\n<meta property=\"og:description\" content=\"[et_pb_section fb_built=&#8221;1&#8243; _builder_version=&#8221;4.9.4&#8243; _module_preset=&#8221;default&#8221; background_image=&#8221;https:\/\/julie-kinesiologie.fr\/wp-content\/uploads\/2021\/12\/Juju-Fond-3.jpg&#8221;][et_pb_row column_structure=&#8221;2_5,3_5&#8243; _builder_version=&#8221;4.9.4&#8243; _module_preset=&#8221;default&#8221;][et_pb_column type=&#8221;2_5&#8243; _builder_version=&#8221;4.9.4&#8243; _module_preset=&#8221;default&#8221;][et_pb_image src=&#8221;https:\/\/julie-kinesiologie.fr\/wp-content\/uploads\/2021\/12\/Cristele-Domanec-36.jpg&#8221; title_text=&#8221;Crist\u00e8le Domanec -36&#8243; _builder_version=&#8221;4.9.4&#8243; _module_preset=&#8221;default&#8221;][\/et_pb_image][\/et_pb_column][et_pb_column type=&#8221;3_5&#8243; _builder_version=&#8221;4.9.4&#8243; _module_preset=&#8221;default&#8221;][et_pb_text _builder_version=&#8221;4.9.4&#8243; _module_preset=&#8221;default&#8221; custom_margin=&#8221;|||24px|false|false&#8221; inline_fonts=&#8221;Basic&#8221;] ))))( QUI SUIS-JE ? Julie Lemaitre, certifi\u00e9e en tant que kin\u00e9siologue par l&#8217;Institut Europ\u00e9en de Kin\u00e9siologie (IEK) et membre de la F\u00e9d\u00e9ration Fran\u00e7aise de Kin\u00e9siologie (FFK). Lors de ma formation de [&hellip;]\" \/>\n<meta property=\"og:url\" content=\"https:\/\/julie-kinesiologie.fr\/?page_id=272\" \/>\n<meta property=\"og:site_name\" content=\"Julie-Kin\u00e9siologie\" \/>\n<meta property=\"article:modified_time\" content=\"2023-08-27T20:38:33+00:00\" \/>\n<meta name=\"twitter:card\" content=\"summary_large_image\" \/>\n<script type=\"application\/ld+json\" class=\"yoast-schema-graph\">{\"@context\":\"https:\/\/schema.org\",\"@graph\":[{\"@type\":\"WebSite\",\"@id\":\"https:\/\/julie-kinesiologie.fr\/#website\",\"url\":\"https:\/\/julie-kinesiologie.fr\/\",\"name\":\"Julie-Kin\\u00e9siologie\",\"description\":\"Votre Kin\\u00e9siologue en Ari\\u00e8ge - Occitanie\",\"potentialAction\":[{\"@type\":\"SearchAction\",\"target\":{\"@type\":\"EntryPoint\",\"urlTemplate\":\"https:\/\/julie-kinesiologie.fr\/?s={search_term_string}\"},\"query-input\":\"required name=search_term_string\"}],\"inLanguage\":\"en-US\"},{\"@type\":\"WebPage\",\"@id\":\"https:\/\/julie-kinesiologie.fr\/?page_id=272#webpage\",\"url\":\"https:\/\/julie-kinesiologie.fr\/?page_id=272\",\"name\":\"Qui suis-je ? - Julie-Kin\\u00e9siologie\",\"isPartOf\":{\"@id\":\"https:\/\/julie-kinesiologie.fr\/#website\"},\"datePublished\":\"2022-02-09T20:24:09+00:00\",\"dateModified\":\"2023-08-27T20:38:33+00:00\",\"breadcrumb\":{\"@id\":\"https:\/\/julie-kinesiologie.fr\/?page_id=272#breadcrumb\"},\"inLanguage\":\"en-US\",\"potentialAction\":[{\"@type\":\"ReadAction\",\"target\":[\"https:\/\/julie-kinesiologie.fr\/?page_id=272\"]}]},{\"@type\":\"BreadcrumbList\",\"@id\":\"https:\/\/julie-kinesiologie.fr\/?page_id=272#breadcrumb\",\"itemListElement\":[{\"@type\":\"ListItem\",\"position\":1,\"name\":\"Accueil\",\"item\":\"https:\/\/julie-kinesiologie.fr\/\"},{\"@type\":\"ListItem\",\"position\":2,\"name\":\"Qui suis-je ?\"}]}]}<\/script>\n<!-- \/ Yoast SEO plugin. -->","yoast_head_json":{"title":"Qui suis-je ? - Julie-Kin\u00e9siologie","robots":{"index":"index","follow":"follow","max-snippet":"max-snippet:-1","max-image-preview":"max-image-preview:large","max-video-preview":"max-video-preview:-1"},"canonical":"https:\/\/julie-kinesiologie.fr\/?page_id=272","og_locale":"en_US","og_type":"article","og_title":"Qui suis-je ? - Julie-Kin\u00e9siologie","og_description":"[et_pb_section fb_built=&#8221;1&#8243; _builder_version=&#8221;4.9.4&#8243; _module_preset=&#8221;default&#8221; background_image=&#8221;https:\/\/julie-kinesiologie.fr\/wp-content\/uploads\/2021\/12\/Juju-Fond-3.jpg&#8221;][et_pb_row column_structure=&#8221;2_5,3_5&#8243; _builder_version=&#8221;4.9.4&#8243; _module_preset=&#8221;default&#8221;][et_pb_column type=&#8221;2_5&#8243; _builder_version=&#8221;4.9.4&#8243; _module_preset=&#8221;default&#8221;][et_pb_image src=&#8221;https:\/\/julie-kinesiologie.fr\/wp-content\/uploads\/2021\/12\/Cristele-Domanec-36.jpg&#8221; title_text=&#8221;Crist\u00e8le Domanec -36&#8243; _builder_version=&#8221;4.9.4&#8243; _module_preset=&#8221;default&#8221;][\/et_pb_image][\/et_pb_column][et_pb_column type=&#8221;3_5&#8243; _builder_version=&#8221;4.9.4&#8243; _module_preset=&#8221;default&#8221;][et_pb_text _builder_version=&#8221;4.9.4&#8243; _module_preset=&#8221;default&#8221; custom_margin=&#8221;|||24px|false|false&#8221; inline_fonts=&#8221;Basic&#8221;] ))))( QUI SUIS-JE ? Julie Lemaitre, certifi\u00e9e en tant que kin\u00e9siologue par l&#8217;Institut Europ\u00e9en de Kin\u00e9siologie (IEK) et membre de la F\u00e9d\u00e9ration Fran\u00e7aise de Kin\u00e9siologie (FFK). Lors de ma formation de [&hellip;]","og_url":"https:\/\/julie-kinesiologie.fr\/?page_id=272","og_site_name":"Julie-Kin\u00e9siologie","article_modified_time":"2023-08-27T20:38:33+00:00","twitter_card":"summary_large_image","schema":{"@context":"https:\/\/schema.org","@graph":[{"@type":"WebSite","@id":"https:\/\/julie-kinesiologie.fr\/#website","url":"https:\/\/julie-kinesiologie.fr\/","name":"Julie-Kin\u00e9siologie","description":"Votre Kin\u00e9siologue en Ari\u00e8ge - Occitanie","potentialAction":[{"@type":"SearchAction","target":{"@type":"EntryPoint","urlTemplate":"https:\/\/julie-kinesiologie.fr\/?s={search_term_string}"},"query-input":"required name=search_term_string"}],"inLanguage":"en-US"},{"@type":"WebPage","@id":"https:\/\/julie-kinesiologie.fr\/?page_id=272#webpage","url":"https:\/\/julie-kinesiologie.fr\/?page_id=272","name":"Qui suis-je ? - Julie-Kin\u00e9siologie","isPartOf":{"@id":"https:\/\/julie-kinesiologie.fr\/#website"},"datePublished":"2022-02-09T20:24:09+00:00","dateModified":"2023-08-27T20:38:33+00:00","breadcrumb":{"@id":"https:\/\/julie-kinesiologie.fr\/?page_id=272#breadcrumb"},"inLanguage":"en-US","potentialAction":[{"@type":"ReadAction","target":["https:\/\/julie-kinesiologie.fr\/?page_id=272"]}]},{"@type":"BreadcrumbList","@id":"https:\/\/julie-kinesiologie.fr\/?page_id=272#breadcrumb","itemListElement":[{"@type":"ListItem","position":1,"name":"Accueil","item":"https:\/\/julie-kinesiologie.fr\/"},{"@type":"ListItem","position":2,"name":"Qui suis-je ?"}]}]}},"_links":{"self":[{"href":"https:\/\/julie-kinesiologie.fr\/index.php?rest_route=\/wp\/v2\/pages\/272"}],"collection":[{"href":"https:\/\/julie-kinesiologie.fr\/index.php?rest_route=\/wp\/v2\/pages"}],"about":[{"href":"https:\/\/julie-kinesiologie.fr\/index.php?rest_route=\/wp\/v2\/types\/page"}],"author":[{"embeddable":true,"href":"https:\/\/julie-kinesiologie.fr\/index.php?rest_route=\/wp\/v2\/users\/1"}],"replies":[{"embeddable":true,"href":"https:\/\/julie-kinesiologie.fr\/index.php?rest_route=%2Fwp%2Fv2%2Fcomments&post=272"}],"version-history":[{"count":7,"href":"https:\/\/julie-kinesiologie.fr\/index.php?rest_route=\/wp\/v2\/pages\/272\/revisions"}],"predecessor-version":[{"id":303,"href":"https:\/\/julie-kinesiologie.fr\/index.php?rest_route=\/wp\/v2\/pages\/272\/revisions\/303"}],"wp:attachment":[{"href":"https:\/\/julie-kinesiologie.fr\/index.php?rest_route=%2Fwp%2Fv2%2Fmedia&parent=272"}],"curies":[{"name":"wp","href":"https:\/\/api.w.org\/{rel}","templated":true}]}}