{"id":74,"date":"2021-12-19T13:01:47","date_gmt":"2021-12-19T12:01:47","guid":{"rendered":"https:\/\/julie-kinesiologie.fr\/?page_id=74"},"modified":"2022-02-09T21:40:53","modified_gmt":"2022-02-09T20:40:53","slug":"pour-qui","status":"publish","type":"page","link":"https:\/\/julie-kinesiologie.fr\/?page_id=74","title":{"rendered":"Pour qui ?"},"content":{"rendered":"<p>[et_pb_section fb_built=&#8221;1&#8243; _builder_version=&#8221;4.9.4&#8243; _module_preset=&#8221;default&#8221; background_image=&#8221;https:\/\/julie-kinesiologie.fr\/wp-content\/uploads\/2021\/12\/Juju-Fond-3.jpg&#8221;][et_pb_row _builder_version=&#8221;4.9.4&#8243; _module_preset=&#8221;default&#8221; custom_margin=&#8221;-24px|auto||auto||&#8221;][et_pb_column type=&#8221;4_4&#8243; _builder_version=&#8221;4.9.4&#8243; _module_preset=&#8221;default&#8221;][et_pb_text _builder_version=&#8221;4.9.4&#8243; _module_preset=&#8221;default&#8221; custom_padding=&#8221;0px|||44px||&#8221; inline_fonts=&#8221;Zilla Slab,Basic&#8221;]<\/p>\n<p style=\"font-weight: normal; text-align: center;\">\n<p style=\"font-weight: normal; text-align: center;\">\n<p style=\"text-align: center;\"><span style=\"font-size: xx-large; color: #ffffff;\"><strong><\/strong><\/span><\/p>\n<p style=\"text-align: center;\"><span style=\"font-size: xx-large; color: #ffffff;\"><strong>LA KIN\u00c9SIOLOGIE, POURQUOI ? POUR QUI ?<\/strong><\/span><\/p>\n<p style=\"font-weight: normal;\">\n<p style=\"font-weight: normal;\"><span style=\"font-family: Basic; color: #ffffff;\">La kin\u00e9siologie poss\u00e8de un champ d\u2019application large.\u00a0 Elle intervient\u00a0:<\/span><\/p>\n<ul>\n<li>\n<p style=\"margin-bottom: 0cm; font-weight: normal;\"><span style=\"font-family: Basic; color: #ffffff;\"><strong><u>Sur la sph\u00e8re psycho-\u00e9motionnelle<\/u><\/strong>\u00a0: gestion du stress, anxi\u00e9t\u00e9, peurs, phobies, croyances, doutes, tristesse, m\u00e9lancolie, mal-\u00eatre, d\u00e9pression, addictions, sommeil, cauchemars, troubles alimentaires, communication, confiance en soi, estime de soi, prise de d\u00e9cision\u2026<\/span><span style=\"font-family: Basic; color: #ffffff;\"><\/span><span style=\"font-family: Basic; color: #ffffff;\"><\/span><\/p>\n<\/li>\n<li>\n<p style=\"margin-bottom: 0cm;\"><span style=\"color: #ffffff; font-family: Basic;\"><u><span style=\"font-weight: normal;\"><strong>Sur la sph\u00e8re physique et \u00e9nerg\u00e9tique<\/strong><\/span><\/u><span style=\"font-weight: normal;\">\u00a0:<a href=\"https:\/\/www.doctissimo.fr\/html\/dossiers\/mal_de_dos\/niv2\/lombalgie-hygiene-de-vie.htm\" style=\"color: #ffffff;\"> <\/a>maux de dos, c\u00e9phal\u00e9es, migraines, tensions physiques, douleurs vari\u00e9es, perte d\u2019app\u00e9tit, \u00e9nur\u00e9sie, troubles digestifs, d\u00e9r\u00e8glement hormonal, d\u00e9s\u00e9quilibre \u00e9nerg\u00e9tique, <\/span><span style=\"font-weight: normal;\">performances physiques et sportives<\/span><span style=\"font-weight: normal;\">&#8230;<\/span><\/span><\/p>\n<\/li>\n<li><span style=\"font-family: Basic; font-weight: normal; color: #ffffff;\"><strong><u>Au niveau des apprentissages<\/u><\/strong>\u00a0: probl\u00e8mes de concentration, d&#8217;organisation, de lat\u00e9ralit\u00e9, performances intellectuelles, dyslexie, troubles dys, difficult\u00e9s scolaires, stress des examens&#8230;<\/span><\/li>\n<\/ul>\n<p><span style=\"font-family: Basic; font-weight: normal; color: #ffffff;\">Chaque s\u00e9ance de kin\u00e9siologie est diff\u00e9rente d\u2019une personne \u00e0 l\u2019autre, et d\u2019une s\u00e9ance \u00e0 l\u2019autre. C\u2019est un vrai travail sur mesure, qui s&#8217;adapte \u00e0 chaque personne et \u00e0 ses besoins du moment. <\/span><\/p>\n<p><span style=\"font-family: Basic; font-weight: normal; color: #ffffff;\">La kin\u00e9siologie ne soigne pas au sens m\u00e9dical. Elle intervient en compl\u00e9ment de la m\u00e9decine traditionnelle. Elle a pour objectif de r\u00e9duire le stress afin de redonner \u00e0 chacun la possibilit\u00e9 de retrouver son potentiel, la capacit\u00e9 de choisir et d&#8217;acc\u00e9der \u00e0 ses propres solutions En aucun cas, elle ne substitue \u00e0 un traitement.<\/span><\/p>\n<p style=\"margin-bottom: 0cm;\"><span style=\"font-family: Zilla Slab; color: #ffffff;\"><span style=\"font-family: Basic;\">Cette m\u00e9thode douce est respectueuse des rythmes d&#8217;\u00e9volutions propres \u00e0 chaque person<\/span>ne.<\/span><\/p>\n<p style=\"margin-bottom: 0cm;\"><span style=\"font-family: Basic; color: #ffffff;\">Elle est utile \u00e0 tout \u00e2ge de la vie et s&#8217;adresse autant aux enfants qu&#8217;aux adultes.<\/span><\/p>\n<p style=\"margin-bottom: 0cm;\"><span style=\"font-family: Basic; color: #ffffff;\"><\/span><\/p>\n<p style=\"margin-bottom: 0cm;\"><span style=\"font-family: Basic; color: #ffffff;\"><\/span><\/p>\n<p style=\"margin-bottom: 0cm;\"><span style=\"font-family: Basic; color: #ffffff;\"><\/span><\/p>\n<p style=\"margin-bottom: 0cm;\"><span style=\"font-family: Basic; color: #ffffff;\"><\/span><\/p>\n<p style=\"margin-bottom: 0cm;\">\n<p>[\/et_pb_text][\/et_pb_column][\/et_pb_row][\/et_pb_section]<\/p>\n","protected":false},"excerpt":{"rendered":"<p>[et_pb_section fb_built=&#8221;1&#8243; _builder_version=&#8221;4.9.4&#8243; _module_preset=&#8221;default&#8221; background_image=&#8221;https:\/\/julie-kinesiologie.fr\/wp-content\/uploads\/2021\/12\/Juju-Fond-3.jpg&#8221;][et_pb_row _builder_version=&#8221;4.9.4&#8243; _module_preset=&#8221;default&#8221; custom_margin=&#8221;-24px|auto||auto||&#8221;][et_pb_column type=&#8221;4_4&#8243; _builder_version=&#8221;4.9.4&#8243; _module_preset=&#8221;default&#8221;][et_pb_text _builder_version=&#8221;4.9.4&#8243; _module_preset=&#8221;default&#8221; custom_padding=&#8221;0px|||44px||&#8221; inline_fonts=&#8221;Zilla Slab,Basic&#8221;] LA KIN\u00c9SIOLOGIE, POURQUOI ? POUR QUI ? La kin\u00e9siologie poss\u00e8de un champ d\u2019application large.\u00a0 Elle intervient\u00a0: Sur la sph\u00e8re psycho-\u00e9motionnelle\u00a0: gestion du stress, anxi\u00e9t\u00e9, peurs, phobies, croyances, doutes, tristesse, m\u00e9lancolie, mal-\u00eatre, d\u00e9pression, addictions, sommeil, cauchemars, troubles alimentaires, communication, confiance [&hellip;]<\/p>\n","protected":false},"author":1,"featured_media":0,"parent":0,"menu_order":0,"comment_status":"closed","ping_status":"closed","template":"","meta":{"_et_pb_use_builder":"on","_et_pb_old_content":"","_et_gb_content_width":""},"yoast_head":"<!-- This site is optimized with the Yoast SEO plugin v17.8 - https:\/\/yoast.com\/wordpress\/plugins\/seo\/ -->\n<title>Pour qui ? - Julie-Kin\u00e9siologie<\/title>\n<meta name=\"robots\" content=\"index, follow, max-snippet:-1, max-image-preview:large, max-video-preview:-1\" \/>\n<link rel=\"canonical\" href=\"https:\/\/julie-kinesiologie.fr\/?page_id=74\" \/>\n<meta property=\"og:locale\" content=\"en_US\" \/>\n<meta property=\"og:type\" content=\"article\" \/>\n<meta property=\"og:title\" content=\"Pour qui ? - Julie-Kin\u00e9siologie\" \/>\n<meta property=\"og:description\" content=\"[et_pb_section fb_built=&#8221;1&#8243; _builder_version=&#8221;4.9.4&#8243; _module_preset=&#8221;default&#8221; background_image=&#8221;https:\/\/julie-kinesiologie.fr\/wp-content\/uploads\/2021\/12\/Juju-Fond-3.jpg&#8221;][et_pb_row _builder_version=&#8221;4.9.4&#8243; _module_preset=&#8221;default&#8221; custom_margin=&#8221;-24px|auto||auto||&#8221;][et_pb_column type=&#8221;4_4&#8243; _builder_version=&#8221;4.9.4&#8243; _module_preset=&#8221;default&#8221;][et_pb_text _builder_version=&#8221;4.9.4&#8243; _module_preset=&#8221;default&#8221; custom_padding=&#8221;0px|||44px||&#8221; inline_fonts=&#8221;Zilla Slab,Basic&#8221;] LA KIN\u00c9SIOLOGIE, POURQUOI ? POUR QUI ? La kin\u00e9siologie poss\u00e8de un champ d\u2019application large.\u00a0 Elle intervient\u00a0: Sur la sph\u00e8re psycho-\u00e9motionnelle\u00a0: gestion du stress, anxi\u00e9t\u00e9, peurs, phobies, croyances, doutes, tristesse, m\u00e9lancolie, mal-\u00eatre, d\u00e9pression, addictions, sommeil, cauchemars, troubles alimentaires, communication, confiance [&hellip;]\" \/>\n<meta property=\"og:url\" content=\"https:\/\/julie-kinesiologie.fr\/?page_id=74\" \/>\n<meta property=\"og:site_name\" content=\"Julie-Kin\u00e9siologie\" \/>\n<meta property=\"article:modified_time\" content=\"2022-02-09T20:40:53+00:00\" \/>\n<meta name=\"twitter:card\" content=\"summary_large_image\" \/>\n<script type=\"application\/ld+json\" class=\"yoast-schema-graph\">{\"@context\":\"https:\/\/schema.org\",\"@graph\":[{\"@type\":\"WebSite\",\"@id\":\"https:\/\/julie-kinesiologie.fr\/#website\",\"url\":\"https:\/\/julie-kinesiologie.fr\/\",\"name\":\"Julie-Kin\\u00e9siologie\",\"description\":\"Votre Kin\\u00e9siologue en Ari\\u00e8ge - Occitanie\",\"potentialAction\":[{\"@type\":\"SearchAction\",\"target\":{\"@type\":\"EntryPoint\",\"urlTemplate\":\"https:\/\/julie-kinesiologie.fr\/?s={search_term_string}\"},\"query-input\":\"required name=search_term_string\"}],\"inLanguage\":\"en-US\"},{\"@type\":\"WebPage\",\"@id\":\"https:\/\/julie-kinesiologie.fr\/?page_id=74#webpage\",\"url\":\"https:\/\/julie-kinesiologie.fr\/?page_id=74\",\"name\":\"Pour qui ? - Julie-Kin\\u00e9siologie\",\"isPartOf\":{\"@id\":\"https:\/\/julie-kinesiologie.fr\/#website\"},\"datePublished\":\"2021-12-19T12:01:47+00:00\",\"dateModified\":\"2022-02-09T20:40:53+00:00\",\"breadcrumb\":{\"@id\":\"https:\/\/julie-kinesiologie.fr\/?page_id=74#breadcrumb\"},\"inLanguage\":\"en-US\",\"potentialAction\":[{\"@type\":\"ReadAction\",\"target\":[\"https:\/\/julie-kinesiologie.fr\/?page_id=74\"]}]},{\"@type\":\"BreadcrumbList\",\"@id\":\"https:\/\/julie-kinesiologie.fr\/?page_id=74#breadcrumb\",\"itemListElement\":[{\"@type\":\"ListItem\",\"position\":1,\"name\":\"Accueil\",\"item\":\"https:\/\/julie-kinesiologie.fr\/\"},{\"@type\":\"ListItem\",\"position\":2,\"name\":\"Pour qui ?\"}]}]}<\/script>\n<!-- \/ Yoast SEO plugin. -->","yoast_head_json":{"title":"Pour qui ? - Julie-Kin\u00e9siologie","robots":{"index":"index","follow":"follow","max-snippet":"max-snippet:-1","max-image-preview":"max-image-preview:large","max-video-preview":"max-video-preview:-1"},"canonical":"https:\/\/julie-kinesiologie.fr\/?page_id=74","og_locale":"en_US","og_type":"article","og_title":"Pour qui ? - Julie-Kin\u00e9siologie","og_description":"[et_pb_section fb_built=&#8221;1&#8243; _builder_version=&#8221;4.9.4&#8243; _module_preset=&#8221;default&#8221; background_image=&#8221;https:\/\/julie-kinesiologie.fr\/wp-content\/uploads\/2021\/12\/Juju-Fond-3.jpg&#8221;][et_pb_row _builder_version=&#8221;4.9.4&#8243; _module_preset=&#8221;default&#8221; custom_margin=&#8221;-24px|auto||auto||&#8221;][et_pb_column type=&#8221;4_4&#8243; _builder_version=&#8221;4.9.4&#8243; _module_preset=&#8221;default&#8221;][et_pb_text _builder_version=&#8221;4.9.4&#8243; _module_preset=&#8221;default&#8221; custom_padding=&#8221;0px|||44px||&#8221; inline_fonts=&#8221;Zilla Slab,Basic&#8221;] LA KIN\u00c9SIOLOGIE, POURQUOI ? POUR QUI ? La kin\u00e9siologie poss\u00e8de un champ d\u2019application large.\u00a0 Elle intervient\u00a0: Sur la sph\u00e8re psycho-\u00e9motionnelle\u00a0: gestion du stress, anxi\u00e9t\u00e9, peurs, phobies, croyances, doutes, tristesse, m\u00e9lancolie, mal-\u00eatre, d\u00e9pression, addictions, sommeil, cauchemars, troubles alimentaires, communication, confiance [&hellip;]","og_url":"https:\/\/julie-kinesiologie.fr\/?page_id=74","og_site_name":"Julie-Kin\u00e9siologie","article_modified_time":"2022-02-09T20:40:53+00:00","twitter_card":"summary_large_image","schema":{"@context":"https:\/\/schema.org","@graph":[{"@type":"WebSite","@id":"https:\/\/julie-kinesiologie.fr\/#website","url":"https:\/\/julie-kinesiologie.fr\/","name":"Julie-Kin\u00e9siologie","description":"Votre Kin\u00e9siologue en Ari\u00e8ge - Occitanie","potentialAction":[{"@type":"SearchAction","target":{"@type":"EntryPoint","urlTemplate":"https:\/\/julie-kinesiologie.fr\/?s={search_term_string}"},"query-input":"required name=search_term_string"}],"inLanguage":"en-US"},{"@type":"WebPage","@id":"https:\/\/julie-kinesiologie.fr\/?page_id=74#webpage","url":"https:\/\/julie-kinesiologie.fr\/?page_id=74","name":"Pour qui ? - Julie-Kin\u00e9siologie","isPartOf":{"@id":"https:\/\/julie-kinesiologie.fr\/#website"},"datePublished":"2021-12-19T12:01:47+00:00","dateModified":"2022-02-09T20:40:53+00:00","breadcrumb":{"@id":"https:\/\/julie-kinesiologie.fr\/?page_id=74#breadcrumb"},"inLanguage":"en-US","potentialAction":[{"@type":"ReadAction","target":["https:\/\/julie-kinesiologie.fr\/?page_id=74"]}]},{"@type":"BreadcrumbList","@id":"https:\/\/julie-kinesiologie.fr\/?page_id=74#breadcrumb","itemListElement":[{"@type":"ListItem","position":1,"name":"Accueil","item":"https:\/\/julie-kinesiologie.fr\/"},{"@type":"ListItem","position":2,"name":"Pour qui ?"}]}]}},"_links":{"self":[{"href":"https:\/\/julie-kinesiologie.fr\/index.php?rest_route=\/wp\/v2\/pages\/74"}],"collection":[{"href":"https:\/\/julie-kinesiologie.fr\/index.php?rest_route=\/wp\/v2\/pages"}],"about":[{"href":"https:\/\/julie-kinesiologie.fr\/index.php?rest_route=\/wp\/v2\/types\/page"}],"author":[{"embeddable":true,"href":"https:\/\/julie-kinesiologie.fr\/index.php?rest_route=\/wp\/v2\/users\/1"}],"replies":[{"embeddable":true,"href":"https:\/\/julie-kinesiologie.fr\/index.php?rest_route=%2Fwp%2Fv2%2Fcomments&post=74"}],"version-history":[{"count":10,"href":"https:\/\/julie-kinesiologie.fr\/index.php?rest_route=\/wp\/v2\/pages\/74\/revisions"}],"predecessor-version":[{"id":287,"href":"https:\/\/julie-kinesiologie.fr\/index.php?rest_route=\/wp\/v2\/pages\/74\/revisions\/287"}],"wp:attachment":[{"href":"https:\/\/julie-kinesiologie.fr\/index.php?rest_route=%2Fwp%2Fv2%2Fmedia&parent=74"}],"curies":[{"name":"wp","href":"https:\/\/api.w.org\/{rel}","templated":true}]}}